{"id":353,"date":"2013-08-05T11:54:28","date_gmt":"2013-08-05T09:54:28","guid":{"rendered":"http:\/\/weinbau-stoiber.at\/?page_id=353"},"modified":"2013-08-05T11:54:28","modified_gmt":"2013-08-05T09:54:28","slug":"versand-2","status":"publish","type":"page","link":"https:\/\/weinbau-stoiber.at\/ch\/versand-2\/","title":{"rendered":"Versand"},"content":{"rendered":"<p>F\u00fcr unser Kunden in Wien: Abholung in der unteren Donaustra\u00dfe 13-15, gratis Garage im Haus.<\/p>\n<p>F\u00fcr unsere Kunden in Vorarlberg: Wir kommen ca 6x im Jahr nach Vorarlberg und liefern ab einer Bestellmenge von 12 Flaschen kostenlos aus, falls Sie \u00fcber den n\u00e4chsten Lieferzeitpunkt informiert werden wollen, geben Sie uns bitte in diesem Formular Ihre Kontaktdaten bekannt: \u2026.<\/p>\n<p>F\u00fcr unser Kunden in Luxemburg: Wir kommen 2-3 mal im Jahr nach Luxemburg und liefer\u2026. Wie Vorarlberg<\/p>\n<p>F\u00fcr unsere Kunden in der Schweiz: wir liefern 2x im Jahr im Raum Z\u00fcrich aus, Rest wie in Vorarlberg<\/p>\n<p>F\u00fcr alle anderen: entweder Abholung in Palterndorf, oder Versand mit der DPD Weinlogistik, Kosten f\u00fcr einen 12er Karton: xx \u20ac, bei Versand ins Ausland erfragen Sie bitte vorab die Versandkosten, Kontaktformular einf\u00fcgen.<\/p>\n","protected":false},"excerpt":{"rendered":"<p>F\u00fcr unser Kunden in Wien: Abholung in der unteren Donaustra\u00dfe 13-15, gratis Garage im Haus. F\u00fcr unsere Kunden in Vorarlberg: Wir kommen ca 6x im Jahr nach Vorarlberg und liefern ab einer Bestellmenge von 12 Flaschen kostenlos aus, falls Sie \u00fcber den n\u00e4chsten Lieferzeitpunkt informiert werden wollen, geben Sie uns bitte in diesem Formular Ihre [&hellip;]<\/p>\n","protected":false},"author":1,"featured_media":0,"parent":0,"menu_order":0,"comment_status":"open","ping_status":"open","template":"","meta":{"footnotes":""},"class_list":["post-353","page","type-page","status-publish","hentry"],"_links":{"self":[{"href":"https:\/\/weinbau-stoiber.at\/ch\/wp-json\/wp\/v2\/pages\/353","targetHints":{"allow":["GET"]}}],"collection":[{"href":"https:\/\/weinbau-stoiber.at\/ch\/wp-json\/wp\/v2\/pages"}],"about":[{"href":"https:\/\/weinbau-stoiber.at\/ch\/wp-json\/wp\/v2\/types\/page"}],"author":[{"embeddable":true,"href":"https:\/\/weinbau-stoiber.at\/ch\/wp-json\/wp\/v2\/users\/1"}],"replies":[{"embeddable":true,"href":"https:\/\/weinbau-stoiber.at\/ch\/wp-json\/wp\/v2\/comments?post=353"}],"version-history":[{"count":0,"href":"https:\/\/weinbau-stoiber.at\/ch\/wp-json\/wp\/v2\/pages\/353\/revisions"}],"wp:attachment":[{"href":"https:\/\/weinbau-stoiber.at\/ch\/wp-json\/wp\/v2\/media?parent=353"}],"curies":[{"name":"wp","href":"https:\/\/api.w.org\/{rel}","templated":true}]}}