{"id":359,"date":"2012-11-06T23:50:01","date_gmt":"2012-11-06T21:50:01","guid":{"rendered":"http:\/\/weinbau-stoiber.at\/home-2\/"},"modified":"2012-11-06T23:50:01","modified_gmt":"2012-11-06T21:50:01","slug":"home","status":"publish","type":"page","link":"https:\/\/weinbau-stoiber.at\/ch\/","title":{"rendered":"Startseite"},"content":{"rendered":"<p><!--:de--><span class=\"red\">Das Weingut Stoiber<\/span> wird bereits seit sechs Generationen als Familienbetrieb gef\u00fchrt. Wir pflegen und hegen unsere Weing\u00e4rten aus Leidenschaft und bekennen uns zu den urspr\u00fcnglichen Werten und Qualit\u00e4ten des Weinbaus.<\/p>\n<p><span class=\"red\">Im \u00f6stlichen Weinviertel<\/span> am Fu\u00dfe des Steinberges, bewirtschaften wir rund 3,5 Hektar Ertragsweing\u00e4rten. Anteilsm\u00e4\u00dfig verhalten sich 70 Prozent Wei\u00dfwein zu 30 Prozent Rotwein. Vorrangiges Ziel ist es, durch den absolut nat\u00fcrlichen Anbau, den Verzicht auf Kunstd\u00fcngung sowie bestm\u00f6gliche Laubarbeit ein Qualit\u00e4tsniveau zu erreichen, das bei unseren Kunden und Freunden gro\u00dfe Anerkennung findet.<\/p>\n<p><span class=\"red\">In den vier Gemeinden<\/span> G\u00f6sting bei Zistersdorf, Neusiedl a.d. Zaya, St.Ulrich und Schrattenberg gedeihen in zehn Weing\u00e4rten die verschiedenen Weine.<\/p>\n<p><span class=\"red\">Auf unseren alten Weinkeller<\/span> sind wir besonders stolz: er liegt in unserer Heimatgemeinde Palterndorf ist schon sehr alt, keiner wei\u00df wie alt\u2026 Die Weine k\u00f6nnen dort ohne k\u00fcnstliche K\u00fchlung bei optimaler Temperatur und Luftfeuchtigkeit reifen und unsere Kunden genie\u00dfen bei den Verkostungen das urspr\u00fcngliche Flair von weinviertler Weinkultur.<!--:--><!--:lu--><span class=\"red\"><br \/>\n<\/span><\/p>\n<p>&nbsp;<\/p>\n<p><!--:--><\/p>\n","protected":false},"excerpt":{"rendered":"<p>Das Weingut Stoiber wird bereits seit sechs Generationen als Familienbetrieb gef\u00fchrt. Wir pflegen und hegen unsere Weing\u00e4rten aus Leidenschaft und bekennen uns zu den urspr\u00fcnglichen Werten und Qualit\u00e4ten des Weinbaus. Im \u00f6stlichen Weinviertel am Fu\u00dfe des Steinberges, bewirtschaften wir rund 3,5 Hektar Ertragsweing\u00e4rten. Anteilsm\u00e4\u00dfig verhalten sich 70 Prozent Wei\u00dfwein zu 30 Prozent Rotwein. Vorrangiges Ziel [&hellip;]<\/p>\n","protected":false},"author":1,"featured_media":0,"parent":0,"menu_order":-1,"comment_status":"open","ping_status":"open","template":"landing.php","meta":{"footnotes":""},"class_list":["post-359","page","type-page","status-publish","hentry"],"_links":{"self":[{"href":"https:\/\/weinbau-stoiber.at\/ch\/wp-json\/wp\/v2\/pages\/359","targetHints":{"allow":["GET"]}}],"collection":[{"href":"https:\/\/weinbau-stoiber.at\/ch\/wp-json\/wp\/v2\/pages"}],"about":[{"href":"https:\/\/weinbau-stoiber.at\/ch\/wp-json\/wp\/v2\/types\/page"}],"author":[{"embeddable":true,"href":"https:\/\/weinbau-stoiber.at\/ch\/wp-json\/wp\/v2\/users\/1"}],"replies":[{"embeddable":true,"href":"https:\/\/weinbau-stoiber.at\/ch\/wp-json\/wp\/v2\/comments?post=359"}],"version-history":[{"count":0,"href":"https:\/\/weinbau-stoiber.at\/ch\/wp-json\/wp\/v2\/pages\/359\/revisions"}],"wp:attachment":[{"href":"https:\/\/weinbau-stoiber.at\/ch\/wp-json\/wp\/v2\/media?parent=359"}],"curies":[{"name":"wp","href":"https:\/\/api.w.org\/{rel}","templated":true}]}}