{"id":363,"date":"2012-11-16T17:13:45","date_gmt":"2012-11-16T15:13:45","guid":{"rendered":"http:\/\/weinbau-stoiber.at\/impressum-2\/"},"modified":"2012-11-16T17:13:45","modified_gmt":"2012-11-16T15:13:45","slug":"impressum","status":"publish","type":"page","link":"https:\/\/weinbau-stoiber.at\/ch\/impressum\/","title":{"rendered":"Impressum"},"content":{"rendered":"<p><!--:de-->Mag. Andreas Stoiber<br \/>\nDobermannsdorferstra\u00dfe 298<br \/>\nA-2182 Palterndorf<br \/>\nMobil: +43 664 4549220<br \/>\nFax: +43 2533 89899<\/p>\n<p><strong>Haftungsausschluss:<\/strong><\/p>\n<p><strong>1. Verweise (Links)<\/strong><\/p>\n<p>Herr Mag. Andreas Stoiber haftet nicht f\u00fcr Inhalte jeder Art auf fremden Internetseiten, auf die direkt (Links) oder indirekt verwiesen wird. Eine Haftungsverpflichtung kann ausschlie\u00dflich in dem Fall eintreten, in dem\u00a0Mag. Andreas\u00a0 Stoiber\u00a0von rechtswidrigen Inhalten Kenntnis hat und es technisch m\u00f6glich und zumutbar w\u00e4re, die Nutzung im Falle rechtswidriger Inhalte durch die Benutzer der eigenen Internetseite zu verhindern. F\u00fcr m\u00f6gliche Sch\u00e4den, die aufgrund der Nutzung von Inhalten solcher Verweise entstehen, haftet ausschlie\u00dflich der Betreiber der betroffenen Internetseite. Keinesfalls entsteht eine Haftung f\u00fcr Mag. Andreas Stoiber.<\/p>\n<p>Diese Feststellung gilt f\u00fcr alle innerhalb der von\u00a0Mag. Andreas\u00a0Stoiber\u00a0angebotenen Internetseite gesetzten Verweise, sowie f\u00fcr Fremdeintr\u00e4ge in eingerichteten Diskussionsforen, G\u00e4steb\u00fcchern und Mailinglisten.<\/p>\n<p><strong>2. Inhalt des Internetangebotes<\/strong><\/p>\n<p>Mag. Andreas Stoibe \u00fcbernimmt keinerlei Gew\u00e4hr f\u00fcr die Aktualit\u00e4t, Korrektheit, Vollst\u00e4ndigkeit oder Qualit\u00e4t der bereitgestellten Informationen. Haftungsanspr\u00fcche, welche sich auf Sch\u00e4den materieller oder ideeller Art beziehen, die durch die Nutzung oder Nichtnutzung der dargebotenen Informationen bzw. die Nutzung fehlerhafter und unvollst\u00e4ndiger Informationen verursacht wurden sind grunds\u00e4tzlich ausgeschlossen.<\/p>\n<p>Alle Angebote sind freibleibend und unverbindlich.\u00a0Mag. Andreas Stoiber beh\u00e4lt sich ausdr\u00fccklich vor, Teile der Seiten oder das gesamte Angebot ohne gesonderte Ank\u00fcndigung zu ver\u00e4ndern, zu erg\u00e4nzen, zu l\u00f6schen oder die Ver\u00f6ffentlichung zeitweise oder endg\u00fcltig einzustellen.<\/p>\n<p><strong>3. Urheberrechte<\/strong><\/p>\n<p>Mag. Andreas Stoiber\u00a0ist bestrebt, in allen Publikationen die Urheberrechte der verwendeten Grafiken und Texte zu beachten. Das Copyright f\u00fcr von\u00a0Mag. Andreas\u00a0Stoiber\u00a0selbst erstellte Objekte bleibt allein bei\u00a0Mag. Andreas Stoiber. Eine Vervielf\u00e4ltigung oder Verwendung solcher Grafiken und Texten in anderen elektronischen oder gedruckten Publikationen ist ohne ausdr\u00fcckliche Zustimmung von\u00a0Mag. Andreas Stoiber nicht gestattet.<br \/>\n<strong>E-Mail Disclaimer<\/strong><br \/>\nE-Mails (und ihre Anh\u00e4nge) sind ausschlie\u00dflich f\u00fcr den\/die darin genannte\/n Empf\u00e4ngerIn bestimmt.Sie enthalten rechtlich gesch\u00fctzte und vertrauliche Informationen. Die Verwendung, Verarbeitung und \u00dcbermittlung von E-Mails, ihrer Anh\u00e4nge oder irgendwelcher Teile davon kann Rechte von Betroffenen verletzen und ist deshalb strikt untersagt. Wenn Sie eine Nachricht irrt\u00fcmlich erhalten oder aus anderen Gr\u00fcnden nicht der\/die bestimmungsgem\u00e4\u00dfe Empf\u00e4ngerIn sind, informieren Sie uns bitte sofort unter der oben genannten Adresse und vernichten Sie diese Nachricht (einschlie\u00dflich ihrer Anh\u00e4nge) und allf\u00e4llige Vervielf\u00e4ltigungen davon unverz\u00fcglich. Die\/Der AbsenderIn tr\u00e4gt keine Haftung insbesondere f\u00fcr unvollst\u00e4ndige, versp\u00e4tete oder verf\u00e4lschte Nachrichten, sofern diesem kein vors\u00e4tzliches Verhalten vorgeworfen werden kann.<!--:--><!--:lu-->Lorem epsum und so &#8230;<!--:--><\/p>\n","protected":false},"excerpt":{"rendered":"<p>Mag. Andreas Stoiber Dobermannsdorferstra\u00dfe 298 A-2182 Palterndorf Mobil: +43 664 4549220 Fax: +43 2533 89899 Haftungsausschluss: 1. Verweise (Links) Herr Mag. Andreas Stoiber haftet nicht f\u00fcr Inhalte jeder Art auf fremden Internetseiten, auf die direkt (Links) oder indirekt verwiesen wird. Eine Haftungsverpflichtung kann ausschlie\u00dflich in dem Fall eintreten, in dem\u00a0Mag. Andreas\u00a0 Stoiber\u00a0von rechtswidrigen Inhalten Kenntnis [&hellip;]<\/p>\n","protected":false},"author":1,"featured_media":0,"parent":0,"menu_order":0,"comment_status":"open","ping_status":"open","template":"","meta":{"footnotes":""},"class_list":["post-363","page","type-page","status-publish","hentry"],"_links":{"self":[{"href":"https:\/\/weinbau-stoiber.at\/ch\/wp-json\/wp\/v2\/pages\/363","targetHints":{"allow":["GET"]}}],"collection":[{"href":"https:\/\/weinbau-stoiber.at\/ch\/wp-json\/wp\/v2\/pages"}],"about":[{"href":"https:\/\/weinbau-stoiber.at\/ch\/wp-json\/wp\/v2\/types\/page"}],"author":[{"embeddable":true,"href":"https:\/\/weinbau-stoiber.at\/ch\/wp-json\/wp\/v2\/users\/1"}],"replies":[{"embeddable":true,"href":"https:\/\/weinbau-stoiber.at\/ch\/wp-json\/wp\/v2\/comments?post=363"}],"version-history":[{"count":0,"href":"https:\/\/weinbau-stoiber.at\/ch\/wp-json\/wp\/v2\/pages\/363\/revisions"}],"wp:attachment":[{"href":"https:\/\/weinbau-stoiber.at\/ch\/wp-json\/wp\/v2\/media?parent=363"}],"curies":[{"name":"wp","href":"https:\/\/api.w.org\/{rel}","templated":true}]}}