{"id":365,"date":"2012-11-16T17:12:50","date_gmt":"2012-11-16T15:12:50","guid":{"rendered":"http:\/\/weinbau-stoiber.at\/lage-2\/"},"modified":"2012-11-16T17:12:50","modified_gmt":"2012-11-16T15:12:50","slug":"lage","status":"publish","type":"page","link":"https:\/\/weinbau-stoiber.at\/ch\/lage\/","title":{"rendered":"Lage"},"content":{"rendered":"<p><!--:de-->Der kleine liebensw\u00fcrdige Ort Paltendorf befindet sich im \u00f6stlichen Weinviertel, ca. 70 km von Wien entfernt.<\/p>\n<p><iframe loading=\"lazy\" src=\"https:\/\/maps.google.at\/maps?f=q&amp;source=s_q&amp;hl=de&amp;geocode=&amp;q=palterndorf,+stoiber&amp;aq=&amp;sll=46.84741,13.36822&amp;sspn=0.022836,0.048366&amp;g=pattendorf&amp;ie=UTF8&amp;hq=stoiber&amp;hnear=Palterndorf,+G%C3%A4nserndorf,+Nieder%C3%B6sterreich&amp;t=m&amp;ll=48.592477,16.817751&amp;spn=0.005351,0.012424&amp;z=16&amp;output=embed\" height=\"377\" width=\"100%\" frameborder=\"0\" marginwidth=\"0\" marginheight=\"0\" scrolling=\"no\"><\/iframe><\/p>\n<p>Im Dreil\u00e4ndereck zwischen Hohenau an der March und Zistersdorf gelegen, ist es von Wien \u00fcber die\u00a0Autobahn A5\u00a0sehr leicht erreichbar. Als gr\u00f6\u00dftes Weinanbaugebiet \u00d6sterreichs nimmt das Weinviertel knapp ein Drittel der Anbaufl\u00e4che des Landes ein. Bekannt ist diese Region vor allem f\u00fcr seine einfachen, s\u00fcffigen Wei\u00dfweine. Der Besucher trifft hier auf fast alle heimischen Weinsorten, allen voran den Veltliner, \u00d6sterreichs bekanntesten Wein.<!--:--><!--:lu--><\/p>\n<p><!--:--><\/p>\n","protected":false},"excerpt":{"rendered":"<p>Der kleine liebensw\u00fcrdige Ort Paltendorf befindet sich im \u00f6stlichen Weinviertel, ca. 70 km von Wien entfernt. Im Dreil\u00e4ndereck zwischen Hohenau an der March und Zistersdorf gelegen, ist es von Wien \u00fcber die\u00a0Autobahn A5\u00a0sehr leicht erreichbar. Als gr\u00f6\u00dftes Weinanbaugebiet \u00d6sterreichs nimmt das Weinviertel knapp ein Drittel der Anbaufl\u00e4che des Landes ein. Bekannt ist diese Region vor [&hellip;]<\/p>\n","protected":false},"author":1,"featured_media":0,"parent":0,"menu_order":0,"comment_status":"open","ping_status":"open","template":"","meta":{"footnotes":""},"class_list":["post-365","page","type-page","status-publish","hentry"],"_links":{"self":[{"href":"https:\/\/weinbau-stoiber.at\/ch\/wp-json\/wp\/v2\/pages\/365","targetHints":{"allow":["GET"]}}],"collection":[{"href":"https:\/\/weinbau-stoiber.at\/ch\/wp-json\/wp\/v2\/pages"}],"about":[{"href":"https:\/\/weinbau-stoiber.at\/ch\/wp-json\/wp\/v2\/types\/page"}],"author":[{"embeddable":true,"href":"https:\/\/weinbau-stoiber.at\/ch\/wp-json\/wp\/v2\/users\/1"}],"replies":[{"embeddable":true,"href":"https:\/\/weinbau-stoiber.at\/ch\/wp-json\/wp\/v2\/comments?post=365"}],"version-history":[{"count":0,"href":"https:\/\/weinbau-stoiber.at\/ch\/wp-json\/wp\/v2\/pages\/365\/revisions"}],"wp:attachment":[{"href":"https:\/\/weinbau-stoiber.at\/ch\/wp-json\/wp\/v2\/media?parent=365"}],"curies":[{"name":"wp","href":"https:\/\/api.w.org\/{rel}","templated":true}]}}