{"id":369,"date":"2012-11-16T01:30:18","date_gmt":"2012-11-15T23:30:18","guid":{"rendered":"http:\/\/weinbau-stoiber.at\/neugierig-2\/"},"modified":"2013-08-05T11:58:59","modified_gmt":"2013-08-05T09:58:59","slug":"neugierig","status":"publish","type":"page","link":"https:\/\/weinbau-stoiber.at\/ch\/neugierig\/","title":{"rendered":"Neugierig?"},"content":{"rendered":"<p><!--:de-->Das Weinviertel verzaubert seine Besucher, neben seinen hervorragenden Weinen auch durch andere kulturelle Gen\u00fcsse.<br \/>\nMit Niedersulz verf\u00fcgt das \u00f6stliche Weinviertel \u00fcber etwas Einmaliges:\u00a0<strong>\u00d6sterreichs einziges Museumsdorf<\/strong>\u00a0und das gr\u00f6\u00dfte Freilichtmuseum Nieder\u00f6sterreichs. Zusammen ergibt das ein m\u00e4rchenhaft sch\u00f6nes Bild eines Weinviertler Dorfes, das am Originalstandort vom Untergang bedroht, hier wieder errichtet wurde. Ein breitgef\u00e4chertes, familienfreundliches Programm bietet jedem Besucher eine ma\u00dfgeschneiderte L\u00f6sung. Vom \u201eLebenden Bauernhof\u201d, dem Dorfladen, den Kutschenfahrten oder dem Dorfmarkt, \u00fcber die Vinothek und die Dorfschmiede, bis hin zu organisierten Firmenseminaren, Hochzeiten und privaten Feiern, findet hier jeder \u201csein\u201d Angebot.<\/p>\n<p>Ein besonderer Anziehungspunkt f\u00fcr Touristen sind die herrlichen Marchfeldschl\u00f6sser. Das bekannteste,\u00a0<strong>Schloss Eckartsau<\/strong>, in dem die Geschichte der Habsburger in \u00d6sterreich zu Ende ging, liegt nur eine halbe Autostunde von Palterndorf entfernt. Auch die prunkvollen Schl\u00f6sser von Prinz Eugen Schloss Hof und Niederweiden sind nur unweit davon gelegen. Das barocke\u00a0<strong>Jagdschloss Marchegg<\/strong>\u00a0und das <strong>\u00e4lteste Marchfeldschlo\u00df Orth<\/strong>, sind weitere Glanzpunkte dieser Region.<\/p>\n<p>Erw\u00e4hnenswert ist ebenfalls das\u00a0<strong>Schloss Lednice<\/strong>\u00a0(Liechtenstein) am Rande der Tschechoslowakei, im Dreil\u00e4ndereck gelegen. Nur rund 80 km von Wien entfernt bietet diese Ortschaft nahe Br\u00fcnn eine Vielfalt an Attraktionen. Die Gartenanlage des Chateaux ist die Perle dieser Region. Von der\u00a0<strong>UNESCO in die Weltliste des Kulturerbes<\/strong>\u00a0aufgenommen, wird der Park zurecht als \u201cGarten Europas\u201d bezeichnet. Auf einer Gesamtfl\u00e4che von etwa 200 Quadratkilometer findet man architektonische Meisterwerke, wie die prunkvollen R\u00e4ume des Schlosses, das Palmenhaus oder das gro\u00dfe Aquarium Malawi. Das \u201eGrenzschloss\u201c als kulturelles Erlebnis ist immer eine Reise wert.<!--:--><!--:lu--><\/p>\n<p><!--:--><\/p>\n","protected":false},"excerpt":{"rendered":"<p>Das Weinviertel verzaubert seine Besucher, neben seinen hervorragenden Weinen auch durch andere kulturelle Gen\u00fcsse. Mit Niedersulz verf\u00fcgt das \u00f6stliche Weinviertel \u00fcber etwas Einmaliges:\u00a0\u00d6sterreichs einziges Museumsdorf\u00a0und das gr\u00f6\u00dfte Freilichtmuseum Nieder\u00f6sterreichs. Zusammen ergibt das ein m\u00e4rchenhaft sch\u00f6nes Bild eines Weinviertler Dorfes, das am Originalstandort vom Untergang bedroht, hier wieder errichtet wurde. Ein breitgef\u00e4chertes, familienfreundliches Programm bietet jedem [&hellip;]<\/p>\n","protected":false},"author":1,"featured_media":0,"parent":0,"menu_order":0,"comment_status":"open","ping_status":"open","template":"","meta":{"footnotes":""},"class_list":["post-369","page","type-page","status-publish","hentry"],"_links":{"self":[{"href":"https:\/\/weinbau-stoiber.at\/ch\/wp-json\/wp\/v2\/pages\/369","targetHints":{"allow":["GET"]}}],"collection":[{"href":"https:\/\/weinbau-stoiber.at\/ch\/wp-json\/wp\/v2\/pages"}],"about":[{"href":"https:\/\/weinbau-stoiber.at\/ch\/wp-json\/wp\/v2\/types\/page"}],"author":[{"embeddable":true,"href":"https:\/\/weinbau-stoiber.at\/ch\/wp-json\/wp\/v2\/users\/1"}],"replies":[{"embeddable":true,"href":"https:\/\/weinbau-stoiber.at\/ch\/wp-json\/wp\/v2\/comments?post=369"}],"version-history":[{"count":1,"href":"https:\/\/weinbau-stoiber.at\/ch\/wp-json\/wp\/v2\/pages\/369\/revisions"}],"predecessor-version":[{"id":372,"href":"https:\/\/weinbau-stoiber.at\/ch\/wp-json\/wp\/v2\/pages\/369\/revisions\/372"}],"wp:attachment":[{"href":"https:\/\/weinbau-stoiber.at\/ch\/wp-json\/wp\/v2\/media?parent=369"}],"curies":[{"name":"wp","href":"https:\/\/api.w.org\/{rel}","templated":true}]}}