{"id":360,"date":"2013-04-14T22:19:33","date_gmt":"2013-04-14T20:19:33","guid":{"rendered":"http:\/\/weinbau-stoiber.at\/aktuelles-2\/"},"modified":"2013-08-28T17:05:49","modified_gmt":"2013-08-28T15:05:49","slug":"aktuelles","status":"publish","type":"page","link":"https:\/\/weinbau-stoiber.at\/lu\/aktuelles\/","title":{"rendered":"Messeteilnahmen im August und September 2013"},"content":{"rendered":"<p>Am 31. August und 1. September k\u00f6nnen Sie unsere Weine bei der Ausstellung &#8220;Luxemburger Wochenende&#8221; in Medernach im Erzherzogum Luxemburg verkosten.<\/p>\n<p>Danach fahren wir gleich weiter zur Dornbirner Herbstmesse 2013, welche vom 4. bis zum 8. September in Dornbirn stattfindet. Sie finden uns dort am Stand 24 in der Halle 11.<\/p>\n<p>Wir w\u00fcrden uns freuen\u00a0Sie an den beiden Wochenenden begr\u00fc\u00dfen zu d\u00fcrfen!<\/p>\n<p><strong>Teilnahme an der Luxexpo 2013:<\/strong><\/p>\n<p>Auch heuer pr\u00e4sentieren wir wieder unsere Weine auf verschiedenen nationalen und internationalen Messen:<\/p>\n<p>Besuchen Sie uns auf unserem Stand bei der\u00a0Luxemburger Internationale Messe*) welche vom 3. Mai bis zum 10.\u00a0Mai 2013 stattfindet. Drucken Sie sich beiliegenden <a href=\"http:\/\/weinbau.stb-stoiber.at\/assets\/Gutschein2013_Lux.pdf\" target=\"_blank\">GUTSCHEIN<\/a>\u00a0aus, und weisen Sie diesen bitte auf unserem Stand vor. Unsere <b>Standnummer<\/b> lautet lautet <b>7C07.<\/b><\/p>\n<p>Wir w\u00fcrden uns freuen Sie bei dieser Messe pers\u00f6nlich begr\u00fc\u00dfen zu d\u00fcrfen und Ihnen unsere vorz\u00fcglichen \u00f6sterreichischen Wei\u00dfweine und Rotweine pr\u00e4sentieren zu d\u00fcrfen. Gerne laden wir Sie auch zu einem Glas Winzersekt ein.<\/p>\n<p>*) <b>Luxexpo S.A. <\/b>10 circuit de la Foire Internationale L-1347 Luxembourg-Kirchberg<\/p>\n","protected":false},"excerpt":{"rendered":"<p>Am 31. August und 1. September k\u00f6nnen Sie unsere Weine bei der Ausstellung &#8220;Luxemburger Wochenende&#8221; in Medernach im Erzherzogum Luxemburg verkosten. Danach fahren wir gleich weiter zur Dornbirner Herbstmesse 2013, welche vom 4. bis zum 8. September in Dornbirn stattfindet. Sie finden uns dort am Stand 24 in der Halle 11. Wir w\u00fcrden uns freuen\u00a0Sie [&hellip;]<\/p>\n","protected":false},"author":2,"featured_media":0,"parent":0,"menu_order":0,"comment_status":"open","ping_status":"open","template":"","meta":{"footnotes":""},"class_list":["post-360","page","type-page","status-publish","hentry"],"_links":{"self":[{"href":"https:\/\/weinbau-stoiber.at\/lu\/wp-json\/wp\/v2\/pages\/360","targetHints":{"allow":["GET"]}}],"collection":[{"href":"https:\/\/weinbau-stoiber.at\/lu\/wp-json\/wp\/v2\/pages"}],"about":[{"href":"https:\/\/weinbau-stoiber.at\/lu\/wp-json\/wp\/v2\/types\/page"}],"author":[{"embeddable":true,"href":"https:\/\/weinbau-stoiber.at\/lu\/wp-json\/wp\/v2\/users\/2"}],"replies":[{"embeddable":true,"href":"https:\/\/weinbau-stoiber.at\/lu\/wp-json\/wp\/v2\/comments?post=360"}],"version-history":[{"count":2,"href":"https:\/\/weinbau-stoiber.at\/lu\/wp-json\/wp\/v2\/pages\/360\/revisions"}],"predecessor-version":[{"id":528,"href":"https:\/\/weinbau-stoiber.at\/lu\/wp-json\/wp\/v2\/pages\/360\/revisions\/528"}],"wp:attachment":[{"href":"https:\/\/weinbau-stoiber.at\/lu\/wp-json\/wp\/v2\/media?parent=360"}],"curies":[{"name":"wp","href":"https:\/\/api.w.org\/{rel}","templated":true}]}}