{"id":772,"date":"2018-05-23T14:23:56","date_gmt":"2018-05-23T12:23:56","guid":{"rendered":"http:\/\/weinbau-stoiber.at\/?page_id=772"},"modified":"2018-05-23T14:23:56","modified_gmt":"2018-05-23T12:23:56","slug":"datenschutzerklaerung","status":"publish","type":"page","link":"https:\/\/weinbau-stoiber.at\/lu\/datenschutzerklaerung\/","title":{"rendered":"Datenschutzerkl\u00e4rung"},"content":{"rendered":"<h1>Datenschutzerkl\u00e4rung<\/h1>\n<p>Diese Website wird von Mag. Andreas Stoiber,\u00a0Dobermannsdorferstra\u00dfe 298,\u00a0A-2182 Palterndorf (\u201ewir\u201c bzw. \u201euns\u201c) betrieben. Diese Mitteilung beschreibt wie wir, als datenschutzrechtlich Verantwortlicher, Ihre personenbezogenen Daten im Zusammenhang mit dieser Website verarbeiten.<\/p>\n<p><strong>1. Welche Daten wir \u00fcber Sie verarbeiten<\/strong><\/p>\n<p>Im Zuge Ihres Besuches dieser Website werden wir folgende Informationen erheben: Das Datum und die Uhrzeit des Aufrufs einer Seite auf unserer Website, Ihre IP-Adresse (anonymisiert), Name und Version Ihres Web-Browsers, die Webseite (URL), die Sie vor dem Aufruf dieser Website besucht haben, bestimmte Cookies (siehe Punkt 2 unten) und jene Informationen, die Sie selbst durch das Ausf\u00fcllen des Kontaktformulars zur Verf\u00fcgung stellen.<\/p>\n<p>Es besteht keine Verpflichtung, Daten in die zur Verf\u00fcgung gestellten Formulare einzugeben. Wenn Sie dies jedoch nicht tun, wird es Ihnen nicht m\u00f6glich sein, alle Funktionen der Website zu nutzen.<\/p>\n<p><strong>2. Cookies<\/strong><\/p>\n<p>Auf dieser Website werden <a href=\"https:\/\/de.wikipedia.org\/wiki\/Cookie\" target=\"_blank\" rel=\"noopener\">Cookies<\/a> verwendet.\u00a0Die meisten Cookies die wir auf dieser Website verwenden Session-Cookies. Sie werden automatisch gel\u00f6scht, wenn Sie unsere Website wieder verlassen. Dauerhafte Cookies hingegen bleiben auf Ihrem Computer, bis Sie sie manuell in Ihrem Browser l\u00f6schen. Wir verwenden solche dauerhaften Cookies, um Sie wieder zu erkennen, wenn Sie unsere Website das n\u00e4chste Mal besuchen.<\/p>\n<p>Wenn Sie \u00fcber Cookies auf Ihrem Computer informiert werden wollen, k\u00f6nnen Sie ihre Browser-Einstellungen so w\u00e4hlen, dass Sie eine Benachrichtigung bekommen, wenn eine Website Cookies speichern will. Sie k\u00f6nnen Cookies auch blockieren oder l\u00f6schen, wenn sie bereits auf Ihrem Computer gespeichert wurden. Mehr dazu erfahren Sie in der \u201eHilfe\u201c-Funktion in Ihrem Browser.<\/p>\n<p>Beachten Sie, dass das Blockieren oder L\u00f6schen von Cookies Ihre Online-Erfahrung beeintr\u00e4chtigen und Sie daran hindern k\u00f6nnte, diese Website vollst\u00e4ndig zu nutzen.<\/p>\n<p><strong>3. Zwecke der Datenverarbeitung<\/strong><\/p>\n<p>Wir werden Ihre personenbezogenen Daten zu folgenden Zwecken verarbeiten:<\/p>\n<ul>\n<li>um Ihnen diese Website zur Verf\u00fcgung zu stellen und um diese Website weiter zu verbessern und zu entwickeln;<\/li>\n<li>um Nutzungsstatistiken erstellen zu k\u00f6nnen;<\/li>\n<li>um Angriffe auf unsere Website erkennen, verhindern und untersuchen zu k\u00f6nnen;<\/li>\n<li>um auf Ihre Anfragen zu antworten;<\/li>\n<\/ul>\n<p><strong>4. Rechtsgrundlagen der Verarbeitung<\/strong><\/p>\n<p>Die rechtliche Grundlage f\u00fcr die Verarbeitung Ihrer personenbezogenen Daten ist unser \u00fcberwiegendes berechtigtes Interesse (gem\u00e4\u00df Art 6 Abs 1 lit f EU Datenschutz-Grundverordnung), welches darin besteht, die oben unter Punkt 3 genannten Zwecke zu erreichen.<\/p>\n<p><strong>5. \u00dcbermittlung Ihrer personenbezogenen Daten<\/strong><\/p>\n<p>Zu den oben genannten Zwecken werden wir Ihre personenbezogenen Daten nicht an Dritte \u00fcbermitteln.<\/p>\n<p><strong>6. Dauer der Speicherung<\/strong><\/p>\n<p>Wir werden Ihre Daten grunds\u00e4tzlich f\u00fcr eine Dauer von drei Monaten speichern. Eine l\u00e4ngere Speicherung erfolgt nur, soweit dies erforderlich ist, um festgestellte Angriffe auf unserer Website zu untersuchen.<\/p>\n<p>Wenn Sie sich auf unserer Website registrieren, werden wir Ihre Daten so lange speichern, so lange Ihr Account besteht und danach f\u00fcr nur so lange, wie rechtliche Verpflichtungen dies vorsehen.<\/p>\n<p><strong>7. Ihre Rechte im Zusammenhang mit personenbezogenen Daten<\/strong><\/p>\n<p>Sie sind unter anderem berechtigt (unter den Voraussetzungen anwendbaren Rechts), (i) zu \u00fcberpr\u00fcfen, ob und welche personenbezogenen Daten wir \u00fcber Sie gespeichert haben und Kopien dieser Daten zu erhalten, (ii) die Berichtigung, Erg\u00e4nzung oder das L\u00f6schen Ihrer personenbezogenen Daten, die falsch sind oder nicht rechtskonform verarbeitet werden, zu verlangen, (iii) von uns zu verlangen, die Verarbeitung Ihrer personenbezogenen Daten einzuschr\u00e4nken, und (iv) unter bestimmten Umst\u00e4nden der Verarbeitung Ihrer personenbezogenen Daten zu widersprechen oder die f\u00fcr das Verarbeiten zuvor gegebene Einwilligung zu widerrufen, (v) Daten\u00fcbertragbarkeit zu verlangen, (vi) die Identit\u00e4t von Dritten, an welche Ihre personenbezogenen Daten \u00fcbermittelt werden, zu kennen und (vii) bei der zust\u00e4ndigen Beh\u00f6rde Beschwerde zu erheben.<\/p>\n<p><strong>Zust\u00e4ndige Beh\u00f6rde<br \/>\n<\/strong>\u00d6sterreichische Datenschutzbeh\u00f6rde<strong><br \/>\n<\/strong>Wickenburggasse 8<strong><br \/>\n<\/strong>1080 Wien<strong><br \/>\n<\/strong>Telefon: +43 1 52 152-0<strong><br \/>\n<\/strong>E-Mail: <span id=\"cloakf0a6accf9310cdbd45be1f83fd46fcb7\"><a href=\"mailto:dsb@dsb.gv.at\">dsb@dsb.gv.at<\/a><\/span><\/p>\n<p><strong>8.\u00a0Datenschutzerkl\u00e4rung zu Google Analytics<\/strong><\/p>\n<p>Diese Website benutzt Google Analytics, einen Webanalysedienst von Google Inc., 1600 Amphitheatre Parkway, Mountain View, CA 94043, USA (\u201eGoogle\u201c). Google Analytics verwendet sog \u201eCookies\u201c, Textdateien, die auf Ihrem Computer gespeichert werden und eine Analyse Ihrer Nutzung der Website erm\u00f6glichen. Wir verarbeiten Ihre Daten auf Grundlage unseres \u00fcberwiegenden berechtigten Interesses, auf kosteneffiziente Weise eine leicht zu verwendende Website-Zugriffsstatistik zu erstellen (Art 6 Abs 1 lit f Datenschutz-Grundverordnung).<\/p>\n<p>Die durch das Cookie erzeugten Informationen \u00fcber Ihre Nutzung dieser Website (einschlie\u00dflich Ihrer IP-Adresse und die URLs der aufgerufenen Webseiten) werden an Server von Google in den USA \u00fcbertragen und dort gespeichert. Wir speichern keine Ihrer Daten, die in Zusammenhang mit Google Analytics erhoben werden.<\/p>\n<p>Diese Website verwendet die von Google Analytics gebotene M\u00f6glichkeit der IP-Anonymisierung. Ihre IP-Adresse wird daher von Google gek\u00fcrzt\/anonymisiert, sobald Google Ihre IP-Adresse erh\u00e4lt. In unserem Auftrag wird Google diese Informationen verwenden, um Ihre Nutzung der Webseite auszuwerten, um Reports \u00fcber die Websiteaktivit\u00e4ten zusammenzustellen und um weitere mit der Websitenutzung und der Internetnutzung verbundene Dienstleistungen an uns zu erbringen. Die im Rahmen von Google Analytics von Ihrem Browser \u00fcbermittelte IP-Adresse wird von Google nicht mit anderen Daten zusammengef\u00fchrt.<\/p>\n<p>Sie k\u00f6nnen die Speicherung der Cookies durch eine entsprechende Einstellung Ihrer Browser-Software verhindern. Wir weisen Sie jedoch darauf hin, dass Sie in diesem Fall unter Umst\u00e4nden nicht s\u00e4mtliche Funktionen dieser Website vollumf\u00e4nglich nutzen k\u00f6nnen. Sie k\u00f6nnen dar\u00fcber hinaus verhindern, dass Google Ihre Daten in Zusammenhang mit Google Analytics erhebt, indem Sie das unter dem folgenden Link verf\u00fcgbare Browser-Plugin herunterladen und installieren: <a href=\"http:\/\/tools.google.com\/dlpage\/gaoptout?hl=de\" target=\"_blank\" rel=\"noopener noreferrer\">http:\/\/tools.google.com\/dlpage\/gaoptout?hl=de<\/a>.<\/p>\n<p>Sie k\u00f6nnen die Erhebung Ihrer Daten durch Google Analytics auf dieser Website auch verhindern, indem Sie auf untenstehenden Link klicken. Es wird ein Opt-Out-Cookie gesetzt, das die zuk\u00fcnftige Erfassung Ihrer Daten beim Besuch dieser Website verhindert:<\/p>\n<p><a>Google Analytics deaktivieren<\/a><\/p>\n<p>N\u00e4here Informationen zu den Nutzungsbedingungen von Google sowie Googles Datenschutzerkl\u00e4rung finden Sie unter<br \/>\n<a href=\"http:\/\/www.google.com\/analytics\/terms\/de.html\" target=\"_blank\" rel=\"noopener noreferrer\">http:\/\/www.google.com\/analytics\/terms\/de.html<\/a>\u00a0bzw. unter<br \/>\n<a href=\"https:\/\/www.google.at\/intl\/at\/policies\/\" target=\"_blank\" rel=\"noopener noreferrer\">https:\/\/www.google.at\/intl\/at\/policies\/<\/a><\/p>\n<p><strong>9. Zugriffsdaten<\/strong><\/p>\n<p>Der Seitenprovider hetzner.de erhebt Daten \u00fcber Zugriffe auf die Seite und speichert diese als \u201eServer-Logfiles\u201c ab. Folgende Daten werden so protokolliert:<\/p>\n<ul>\n<li>Besuchte Website<\/li>\n<li>Uhrzeit zum Zeitpunkt des Zugriffes<\/li>\n<li>Menge der gesendeten Daten in Byte<\/li>\n<li>Quelle\/Verweis, von welchem Sie auf die Seite gelangten<\/li>\n<li>Verwendeter Browser<\/li>\n<li>Verwendetes Betriebssystem<\/li>\n<li>Verwendete IP-Adresse <em>(ggf.: in anonymisierter Form)<\/em><\/li>\n<\/ul>\n<p>Die erhobenen Daten dienen lediglich statistischen Auswertungen und zur Verbesserung der Website. Der Websitebetreiber beh\u00e4lt sich allerdings vor, die Server-Logfiles nachtr\u00e4glich zu \u00fcberpr\u00fcfen, sollten konkrete Anhaltspunkte auf eine rechtswidrige Nutzung hinweisen.<\/p>\n<p><strong>10. Adobe Typekit<\/strong><\/p>\n<p>Auf dieser Webseite kommen Adobe Typekit Webfonts zum Einsatz. Typekit ist ein Dienst, der von der Firma Adobe angeboten wird. Dieser Dienst stellt Schriftarten zur Verf\u00fcgung, die im Webbrowser des Nutzers nach einem Serveraufruf bei Adobe (in den USA) dargestellt werden. Hierbei wird zumindest die IP-Adresse des Browsers des Endger\u00e4tes des Nutzers dieser Webseite von Adobe gespeichert. N\u00e4here Informationen finden Sie in den Datenschutzhinweisen von Typekit, die Sie hier abrufen k\u00f6nnen: <a href=\"https:\/\/www.adobe.com\/privacy\/policies\/typekit.html\">Typekit Datenschutzhinweise<\/a><\/p>\n<p><strong>11. Verwendung von Webfonts<\/strong><\/p>\n<p>Auf diesen Internetseiten werden externe Schriften, Google Fonts verwendet. Google Fonts ist ein Dienst der Google Inc. (\u201eGoogle\u201c). Die Einbindung dieser Web Fonts erfolgt durch einen Serveraufruf, in der Regel ein Server von Google in den USA. Hierdurch wird an den Server \u00fcbermittelt, welche unserer Internetseiten Sie besucht haben. Auch wird die IP-Adresse des Browsers des Endger\u00e4tes des Besuchers dieser Internetseiten von Google gespeichert. N\u00e4here Informationen finden Sie in den Datenschutzhinweisen von Google, die Sie hier abrufen k\u00f6nnen: <a href=\"https:\/\/www.google.com\/fonts#AboutPlace:about\" target=\"_blank\" rel=\"noopener\">www.google.com\/fonts#AboutPlace:about<\/a> <a href=\"https:\/\/www.google.com\/policies\/privacy\/\" target=\"_blank\" rel=\"noopener\">www.google.com\/policies\/privacy\/<\/a><\/p>\n<p><strong>12. Unsere Kontaktdaten<\/strong><\/p>\n<p>Sollten Sie zu der Verarbeitung Ihrer personenbezogenen Daten Fragen oder Anliegen haben, wenden Sie sich bitte an uns:<\/p>\n<p>Mag. Andreas Stoiber<br \/>\nDobermannsdorferstra\u00dfe 298<br \/>\nA-2182 Palterndorf<br \/>\nMobil: +43 664 4549220<br \/>\nFax: +43 2533 89899<\/p>\n<p>Zuletzt aktualisiert am 04.05.2018<\/p>\n","protected":false},"excerpt":{"rendered":"<p>Datenschutzerkl\u00e4rung Diese Website wird von Mag. Andreas Stoiber,\u00a0Dobermannsdorferstra\u00dfe 298,\u00a0A-2182 Palterndorf (\u201ewir\u201c bzw. \u201euns\u201c) betrieben. Diese Mitteilung beschreibt wie wir, als datenschutzrechtlich Verantwortlicher, Ihre personenbezogenen Daten im Zusammenhang mit dieser Website verarbeiten. 1. Welche Daten wir \u00fcber Sie verarbeiten Im Zuge Ihres Besuches dieser Website werden wir folgende Informationen erheben: Das Datum und die Uhrzeit des [&hellip;]<\/p>\n","protected":false},"author":1,"featured_media":0,"parent":0,"menu_order":0,"comment_status":"open","ping_status":"open","template":"","meta":{"footnotes":""},"class_list":["post-772","page","type-page","status-publish","hentry"],"_links":{"self":[{"href":"https:\/\/weinbau-stoiber.at\/lu\/wp-json\/wp\/v2\/pages\/772","targetHints":{"allow":["GET"]}}],"collection":[{"href":"https:\/\/weinbau-stoiber.at\/lu\/wp-json\/wp\/v2\/pages"}],"about":[{"href":"https:\/\/weinbau-stoiber.at\/lu\/wp-json\/wp\/v2\/types\/page"}],"author":[{"embeddable":true,"href":"https:\/\/weinbau-stoiber.at\/lu\/wp-json\/wp\/v2\/users\/1"}],"replies":[{"embeddable":true,"href":"https:\/\/weinbau-stoiber.at\/lu\/wp-json\/wp\/v2\/comments?post=772"}],"version-history":[{"count":1,"href":"https:\/\/weinbau-stoiber.at\/lu\/wp-json\/wp\/v2\/pages\/772\/revisions"}],"predecessor-version":[{"id":773,"href":"https:\/\/weinbau-stoiber.at\/lu\/wp-json\/wp\/v2\/pages\/772\/revisions\/773"}],"wp:attachment":[{"href":"https:\/\/weinbau-stoiber.at\/lu\/wp-json\/wp\/v2\/media?parent=772"}],"curies":[{"name":"wp","href":"https:\/\/api.w.org\/{rel}","templated":true}]}}